{"id":726,"date":"2022-07-25T20:35:36","date_gmt":"2022-07-25T18:35:36","guid":{"rendered":"http:\/\/suitedelgrifo.it\/?page_id=726"},"modified":"2022-07-25T21:25:07","modified_gmt":"2022-07-25T19:25:07","slug":"parcheggi","status":"publish","type":"page","link":"https:\/\/suitedelgrifo.it\/en\/parcheggi\/","title":{"rendered":"Parking"},"content":{"rendered":"<p>Unfortunately, there is no dedicated parking area either garages in the city center of L'Aquila. Anyway, it possible (and also, it's the only possibility), to park on the street where allowed and available. At the moment, parking on the street is free. In the map below you can find the closes parking areas to reach the Suite.<\/p>\n\n\n\n<p><strong>Please be extremely careful to potential changes, even temporarily ones - in other words, we're happy to suggest you places but we can't take any responsibility for parking tickets.<\/strong><\/p>\n\n\n\n<p>The areas marked in red are:<\/p>\n\n\n\n<div class=\"wp-block-columns is-layout-flex wp-container-core-columns-is-layout-9d6595d7 wp-block-columns-is-layout-flex\">\n<div class=\"wp-block-column is-layout-flow wp-block-column-is-layout-flow\" style=\"flex-basis:100%\">\n<div class=\"wp-block-columns is-layout-flex wp-container-core-columns-is-layout-9d6595d7 wp-block-columns-is-layout-flex\">\n<div class=\"wp-block-column is-layout-flow wp-block-column-is-layout-flow\" style=\"flex-basis:100%\">\n<ul class=\"wp-block-list\"><li>Piazza Santa Giusta<\/li><li>via Goriano Valle<\/li><li>Piazza Duomo<\/li><li>via Strinella<\/li><li>via dei Giardini<\/li><li>Villa Comunale<\/li><li>Viale di Collemaggio<\/li><li>Terminal Bus Collemaggio<\/li><\/ul>\n<\/div>\n<\/div>\n<\/div>\n<\/div>\n\n\n\n<iframe loading=\"lazy\" src=\"https:\/\/www.google.com\/maps\/d\/embed?mid=1Ko99aQ26dxG7LRk1wWuYfuKi36mkToU&amp;hl=it&amp;ehbc=2E312F\" width=\"100%\" height=\"450\" style=\"border:0;\" ><\/iframe>","protected":false},"excerpt":{"rendered":"<p>Purtroppo nel centro storico di L&#8217;Aquila non ci sono ancora aree adibite al parcheggio delle auto n\u00e9 garage. Nel frattempo, \u00e8 possibile (o meglio, \u00e8 l&#8217;unica soluzione) parcheggiare lungo la strada dove permesso. Al momento tutti i parcheggi lungo strada sono gratuiti. Nella mappa qui sotto vi riportiamo i pi\u00f9 comodi per raggiungere la Suite. [&hellip;]<\/p>\n","protected":false},"author":1,"featured_media":0,"parent":0,"menu_order":0,"comment_status":"closed","ping_status":"closed","template":"","meta":{"footnotes":""},"class_list":["post-726","page","type-page","status-publish","hentry"],"_links":{"self":[{"href":"https:\/\/suitedelgrifo.it\/en\/wp-json\/wp\/v2\/pages\/726","targetHints":{"allow":["GET"]}}],"collection":[{"href":"https:\/\/suitedelgrifo.it\/en\/wp-json\/wp\/v2\/pages"}],"about":[{"href":"https:\/\/suitedelgrifo.it\/en\/wp-json\/wp\/v2\/types\/page"}],"author":[{"embeddable":true,"href":"https:\/\/suitedelgrifo.it\/en\/wp-json\/wp\/v2\/users\/1"}],"replies":[{"embeddable":true,"href":"https:\/\/suitedelgrifo.it\/en\/wp-json\/wp\/v2\/comments?post=726"}],"version-history":[{"count":8,"href":"https:\/\/suitedelgrifo.it\/en\/wp-json\/wp\/v2\/pages\/726\/revisions"}],"predecessor-version":[{"id":736,"href":"https:\/\/suitedelgrifo.it\/en\/wp-json\/wp\/v2\/pages\/726\/revisions\/736"}],"wp:attachment":[{"href":"https:\/\/suitedelgrifo.it\/en\/wp-json\/wp\/v2\/media?parent=726"}],"curies":[{"name":"wp","href":"https:\/\/api.w.org\/{rel}","templated":true}]}}